{"id":10673,"date":"2025-02-10T16:51:59","date_gmt":"2025-02-10T14:51:59","guid":{"rendered":"https:\/\/www.v-line.com\/services\/brand-management\/kinetrol\/"},"modified":"2025-09-01T16:32:36","modified_gmt":"2025-09-01T14:32:36","slug":"kinetrol","status":"publish","type":"page","link":"https:\/\/www.v-line.com\/de\/services\/brand-management\/kinetrol\/","title":{"rendered":"KINETROL"},"content":{"rendered":"[vc_row type=&#8220;full_width_background&#8220; full_screen_row_position=&#8220;middle&#8220; column_margin=&#8220;default&#8220; column_direction=&#8220;default&#8220; column_direction_tablet=&#8220;default&#8220; column_direction_phone=&#8220;default&#8220; bg_image=&#8220;5305&#8243; bg_position=&#8220;center center&#8220; background_image_loading=&#8220;default&#8220; bg_repeat=&#8220;no-repeat&#8220; scene_position=&#8220;center&#8220; top_padding=&#8220;150&#8243; constrain_group_1=&#8220;yes&#8220; bottom_padding=&#8220;150&#8243; text_color=&#8220;light&#8220; text_align=&#8220;center&#8220; row_border_radius=&#8220;none&#8220; row_border_radius_applies=&#8220;bg&#8220; overflow=&#8220;visible&#8220; color_overlay=&#8220;#000000&#8243; overlay_strength=&#8220;0.5&#8243; gradient_direction=&#8220;left_to_right&#8220; shape_divider_position=&#8220;bottom&#8220; bg_image_animation=&#8220;none&#8220; gradient_type=&#8220;default&#8220; shape_type=&#8220;&#8220;][vc_column column_padding=&#8220;no-extra-padding&#8220; column_padding_tablet=&#8220;inherit&#8220; column_padding_phone=&#8220;inherit&#8220; column_padding_position=&#8220;all&#8220; column_element_direction_desktop=&#8220;default&#8220; column_element_spacing=&#8220;default&#8220; desktop_text_alignment=&#8220;default&#8220; tablet_text_alignment=&#8220;default&#8220; phone_text_alignment=&#8220;default&#8220; background_color_opacity=&#8220;1&#8243; background_hover_color_opacity=&#8220;1&#8243; column_backdrop_filter=&#8220;none&#8220; column_shadow=&#8220;none&#8220; column_border_radius=&#8220;none&#8220; column_link_target=&#8220;_self&#8220; column_position=&#8220;default&#8220; gradient_direction=&#8220;left_to_right&#8220; overlay_strength=&#8220;0.3&#8243; width=&#8220;1\/1&#8243; tablet_width_inherit=&#8220;default&#8220; animation_type=&#8220;default&#8220; bg_image_animation=&#8220;none&#8220; border_type=&#8220;simple&#8220; column_border_width=&#8220;none&#8220; column_border_style=&#8220;solid&#8220;][vc_column_text]\n<h1>KINETROL<\/h1>\n[\/vc_column_text][\/vc_column][\/vc_row][vc_row type=&#8220;in_container&#8220; full_screen_row_position=&#8220;middle&#8220; column_margin=&#8220;default&#8220; column_direction=&#8220;default&#8220; column_direction_tablet=&#8220;default&#8220; column_direction_phone=&#8220;default&#8220; scene_position=&#8220;center&#8220; text_color=&#8220;dark&#8220; text_align=&#8220;left&#8220; row_border_radius=&#8220;none&#8220; row_border_radius_applies=&#8220;bg&#8220; overflow=&#8220;visible&#8220; overlay_strength=&#8220;0.3&#8243; gradient_direction=&#8220;left_to_right&#8220; shape_divider_position=&#8220;bottom&#8220; bg_image_animation=&#8220;none&#8220;][vc_column column_padding=&#8220;no-extra-padding&#8220; column_padding_tablet=&#8220;inherit&#8220; column_padding_phone=&#8220;inherit&#8220; column_padding_position=&#8220;all&#8220; column_element_direction_desktop=&#8220;default&#8220; column_element_spacing=&#8220;default&#8220; desktop_text_alignment=&#8220;default&#8220; tablet_text_alignment=&#8220;default&#8220; phone_text_alignment=&#8220;default&#8220; background_color_opacity=&#8220;1&#8243; background_hover_color_opacity=&#8220;1&#8243; column_backdrop_filter=&#8220;none&#8220; column_shadow=&#8220;none&#8220; column_border_radius=&#8220;none&#8220; column_link_target=&#8220;_self&#8220; column_position=&#8220;default&#8220; gradient_direction=&#8220;left_to_right&#8220; overlay_strength=&#8220;0.3&#8243; width=&#8220;1\/1&#8243; tablet_width_inherit=&#8220;default&#8220; animation_type=&#8220;default&#8220; bg_image_animation=&#8220;none&#8220; border_type=&#8220;simple&#8220; column_border_width=&#8220;none&#8220; column_border_style=&#8220;solid&#8220;][nectar_global_section id=&#8220;7869&#8243;][\/vc_column][\/vc_row][vc_row type=&#8220;in_container&#8220; full_screen_row_position=&#8220;middle&#8220; column_margin=&#8220;default&#8220; column_direction=&#8220;default&#8220; column_direction_tablet=&#8220;default&#8220; column_direction_phone=&#8220;default&#8220; scene_position=&#8220;center&#8220; bottom_padding=&#8220;75&#8243; text_color=&#8220;dark&#8220; text_align=&#8220;left&#8220; row_border_radius=&#8220;none&#8220; row_border_radius_applies=&#8220;bg&#8220; overflow=&#8220;visible&#8220; overlay_strength=&#8220;0.3&#8243; gradient_direction=&#8220;left_to_right&#8220; shape_divider_position=&#8220;bottom&#8220; bg_image_animation=&#8220;none&#8220; gradient_type=&#8220;default&#8220; shape_type=&#8220;&#8220;][vc_column column_padding=&#8220;no-extra-padding&#8220; column_padding_tablet=&#8220;inherit&#8220; column_padding_phone=&#8220;inherit&#8220; column_padding_position=&#8220;all&#8220; column_element_direction_desktop=&#8220;default&#8220; column_element_spacing=&#8220;default&#8220; desktop_text_alignment=&#8220;default&#8220; tablet_text_alignment=&#8220;default&#8220; phone_text_alignment=&#8220;default&#8220; background_color_opacity=&#8220;1&#8243; background_hover_color_opacity=&#8220;1&#8243; column_backdrop_filter=&#8220;none&#8220; column_shadow=&#8220;none&#8220; column_border_radius=&#8220;none&#8220; column_link_target=&#8220;_self&#8220; column_position=&#8220;default&#8220; gradient_direction=&#8220;left_to_right&#8220; overlay_strength=&#8220;0.3&#8243; width=&#8220;5\/6&#8243; tablet_width_inherit=&#8220;default&#8220; animation_type=&#8220;default&#8220; bg_image_animation=&#8220;none&#8220; border_type=&#8220;simple&#8220; column_border_width=&#8220;none&#8220; column_border_style=&#8220;solid&#8220;][image_with_animation image_url=&#8220;10668&#8243; image_size=&#8220;full&#8220; animation_type=&#8220;entrance&#8220; animation=&#8220;None&#8220; animation_movement_type=&#8220;transform_y&#8220; hover_animation=&#8220;none&#8220; alignment=&#8220;&#8220; border_radius=&#8220;none&#8220; box_shadow=&#8220;none&#8220; image_loading=&#8220;default&#8220; max_width=&#8220;50%&#8220; max_width_mobile=&#8220;default&#8220;][vc_column_text]Kinetrol ist ein globaler Spezialist f\u00fcr rotierende pneumatische Antriebe und L\u00f6sungen zur Bewegungssteuerung. Gegr\u00fcndet im Jahr 1958 als Ingenieurb\u00fcro f\u00fcr Regelungstechnik, entwickelte Kinetrol zun\u00e4chst rotierende viskose D\u00e4mpfer f\u00fcr eine pr\u00e4zise Bewegungssteuerung und patentierte sp\u00e4ter den Fl\u00fcgelzellen-Drehpneumatikantrieb, um den steigenden Bedarf an pr\u00e4ziser 90-Grad-Ventil- und Mechanismenbet\u00e4tigung zu erf\u00fcllen.<\/p>\n<p>Mit Produktionsst\u00e4tten in Farnham, England, ist Kinetrol weltweit t\u00e4tig und vertreibt seine Produkte \u00fcber Tochtergesellschaften und ein umfangreiches Netzwerk unabh\u00e4ngiger Distributoren. Mehr als 70 % der Produkte werden exportiert. Das Unternehmen setzt auf h\u00f6chste Qualit\u00e4tsstandards mit umfassenden Inspektions- und Funktionstests sowie einer Zertifizierung nach ISO 9001 (2015), um leistungsstarke L\u00f6sungen f\u00fcr Branchen mit anspruchsvollen Anforderungen an Prozesssteuerung und \u00dcberwachung zu gew\u00e4hrleisten. <a href=\"https:\/\/www.kinetrol.com\/\" target=\"_blank\" rel=\"noopener\">Website Kinetrol<\/a>[\/vc_column_text][vc_column_text]<strong>V-LINE repr\u00e4sentiert und unterst\u00fctzt die Firma Kinetrol im K\u00f6nigreich von Saudi Arabien.<\/strong><\/p>\n<p><strong>F\u00fcr Service- und Ersatzteilbedarfe kontaktieren Sie bitte unsere Niederlassung\u00a0V-LINE MIDDLE EAST oder unsere Hauptniederlassung direkt:<\/strong><\/p>\n<p>V-LINE MIDDLE EAST Company LTD.<br \/>\nChamber of Commerce Building \u2013 4th Floor<br \/>\nAl Fanateer, Jubail 11431 \u2013 1454<br \/>\nKingdom of Saudi Arabia<br \/>\nE-mail: <a href=\"mailto:kinetrol@v-line.com\">kinetrol@v-line.com<\/a><br \/>\nPhone: +966 (13) 3479018<br \/>\nFax: +966 (13) 3479014<\/p>\n<p>&nbsp;<\/p>\n<p>V-LINE EUROPE GmbH<br \/>\nBorsigring 11<br \/>\n31319 Sehnde<br \/>\nGermany<br \/>\nE-mail: <a href=\"mailto:kinetrol@v-line.com\">kinetrol@v-line.com<\/a><br \/>\nTel: +49 5138 7008 75[\/vc_column_text][\/vc_column][vc_column column_padding=&#8220;no-extra-padding&#8220; column_padding_tablet=&#8220;inherit&#8220; column_padding_phone=&#8220;inherit&#8220; column_padding_position=&#8220;all&#8220; column_element_direction_desktop=&#8220;default&#8220; column_element_spacing=&#8220;default&#8220; desktop_text_alignment=&#8220;default&#8220; tablet_text_alignment=&#8220;default&#8220; phone_text_alignment=&#8220;default&#8220; background_color_opacity=&#8220;1&#8243; background_hover_color_opacity=&#8220;1&#8243; column_backdrop_filter=&#8220;none&#8220; column_shadow=&#8220;none&#8220; column_border_radius=&#8220;none&#8220; column_link_target=&#8220;_self&#8220; column_position=&#8220;default&#8220; gradient_direction=&#8220;left_to_right&#8220; overlay_strength=&#8220;0.3&#8243; width=&#8220;1\/6&#8243; tablet_width_inherit=&#8220;default&#8220; animation_type=&#8220;default&#8220; bg_image_animation=&#8220;none&#8220; border_type=&#8220;simple&#8220; column_border_width=&#8220;none&#8220; column_border_style=&#8220;solid&#8220;][\/vc_column][\/vc_row]\n","protected":false},"excerpt":{"rendered":"<p>[vc_row type=&#8220;full_width_background&#8220; full_screen_row_position=&#8220;middle&#8220; column_margin=&#8220;default&#8220; column_direction=&#8220;default&#8220; column_direction_tablet=&#8220;default&#8220; column_direction_phone=&#8220;default&#8220; bg_image=&#8220;5305&#8243; bg_position=&#8220;center center&#8220; background_image_loading=&#8220;default&#8220; bg_repeat=&#8220;no-repeat&#8220; scene_position=&#8220;center&#8220; top_padding=&#8220;150&#8243; constrain_group_1=&#8220;yes&#8220;&#8230;<\/p>\n","protected":false},"author":3,"featured_media":0,"parent":5583,"menu_order":0,"comment_status":"closed","ping_status":"closed","template":"","meta":{"footnotes":""},"class_list":["post-10673","page","type-page","status-publish"],"_links":{"self":[{"href":"https:\/\/www.v-line.com\/de\/wp-json\/wp\/v2\/pages\/10673","targetHints":{"allow":["GET"]}}],"collection":[{"href":"https:\/\/www.v-line.com\/de\/wp-json\/wp\/v2\/pages"}],"about":[{"href":"https:\/\/www.v-line.com\/de\/wp-json\/wp\/v2\/types\/page"}],"author":[{"embeddable":true,"href":"https:\/\/www.v-line.com\/de\/wp-json\/wp\/v2\/users\/3"}],"replies":[{"embeddable":true,"href":"https:\/\/www.v-line.com\/de\/wp-json\/wp\/v2\/comments?post=10673"}],"version-history":[{"count":4,"href":"https:\/\/www.v-line.com\/de\/wp-json\/wp\/v2\/pages\/10673\/revisions"}],"predecessor-version":[{"id":11307,"href":"https:\/\/www.v-line.com\/de\/wp-json\/wp\/v2\/pages\/10673\/revisions\/11307"}],"up":[{"embeddable":true,"href":"https:\/\/www.v-line.com\/de\/wp-json\/wp\/v2\/pages\/5583"}],"wp:attachment":[{"href":"https:\/\/www.v-line.com\/de\/wp-json\/wp\/v2\/media?parent=10673"}],"curies":[{"name":"wp","href":"https:\/\/api.w.org\/{rel}","templated":true}]}}