{"id":5743,"date":"2022-07-20T12:03:41","date_gmt":"2022-07-20T10:03:41","guid":{"rendered":"https:\/\/umzug.v-line.com\/faq-glossary\/"},"modified":"2022-10-05T09:25:15","modified_gmt":"2022-10-05T07:25:15","slug":"faq-glossar","status":"publish","type":"page","link":"https:\/\/www.v-line.com\/de\/faq-glossar\/","title":{"rendered":"FAQ &#038; Glossar"},"content":{"rendered":"[vc_row type=&#8220;full_width_background&#8220; full_screen_row_position=&#8220;middle&#8220; column_margin=&#8220;default&#8220; column_direction=&#8220;default&#8220; column_direction_tablet=&#8220;default&#8220; column_direction_phone=&#8220;default&#8220; bg_image=&#8220;3129&#8243; bg_position=&#8220;center center&#8220; background_image_loading=&#8220;default&#8220; bg_repeat=&#8220;no-repeat&#8220; scene_position=&#8220;center&#8220; top_padding=&#8220;150&#8243; constrain_group_1=&#8220;yes&#8220; bottom_padding=&#8220;150&#8243; text_color=&#8220;light&#8220; text_align=&#8220;center&#8220; row_border_radius=&#8220;none&#8220; row_border_radius_applies=&#8220;bg&#8220; overflow=&#8220;visible&#8220; advanced_gradient_angle=&#8220;0&#8243; overlay_strength=&#8220;0.3&#8243; gradient_direction=&#8220;left_to_right&#8220; shape_divider_position=&#8220;bottom&#8220; bg_image_animation=&#8220;none&#8220; parallax_bg=&#8220;true&#8220; parallax_bg_speed=&#8220;fixed&#8220; gradient_type=&#8220;default&#8220; shape_type=&#8220;&#8220;][vc_column column_padding=&#8220;no-extra-padding&#8220; column_padding_tablet=&#8220;inherit&#8220; column_padding_phone=&#8220;inherit&#8220; column_padding_position=&#8220;all&#8220; column_element_direction_desktop=&#8220;default&#8220; column_element_spacing=&#8220;default&#8220; desktop_text_alignment=&#8220;default&#8220; tablet_text_alignment=&#8220;default&#8220; phone_text_alignment=&#8220;default&#8220; background_color_opacity=&#8220;1&#8243; background_hover_color_opacity=&#8220;1&#8243; column_backdrop_filter=&#8220;none&#8220; column_shadow=&#8220;none&#8220; column_border_radius=&#8220;none&#8220; column_link_target=&#8220;_self&#8220; column_position=&#8220;default&#8220; gradient_direction=&#8220;left_to_right&#8220; overlay_strength=&#8220;0.3&#8243; width=&#8220;1\/1&#8243; tablet_width_inherit=&#8220;default&#8220; animation_type=&#8220;default&#8220; bg_image_animation=&#8220;none&#8220; border_type=&#8220;simple&#8220; column_border_width=&#8220;none&#8220; column_border_style=&#8220;solid&#8220;][vc_column_text]\n<h1>FAQ &amp; Glossar<\/h1>\n[\/vc_column_text][nectar_cta btn_style=&#8220;arrow-animation&#8220; heading_tag=&#8220;h4&#8243; button_color=&#8220;default&#8220; text_color=&#8220;#ffffff&#8220; button_border_thickness=&#8220;0px&#8220; link_type=&#8220;new_tab&#8220; alignment=&#8220;center&#8220; alignment_tablet=&#8220;default&#8220; alignment_phone=&#8220;default&#8220; display=&#8220;block&#8220; display_tablet=&#8220;inherit&#8220; display_phone=&#8220;inherit&#8220; link_text=&#8220;Get in touch&#8220;][divider line_type=&#8220;No Line&#8220; custom_height=&#8220;25&#8243;][nectar_cta btn_style=&#8220;next-section&#8220; btn_type=&#8220;mouse-wheel&#8220; next_section_color=&#8220;#ffffff&#8220; alignment=&#8220;center&#8220; alignment_tablet=&#8220;default&#8220; alignment_phone=&#8220;default&#8220; display_tablet=&#8220;inherit&#8220; display_phone=&#8220;inherit&#8220;][\/vc_column][\/vc_row][vc_row type=&#8220;in_container&#8220; full_screen_row_position=&#8220;middle&#8220; column_margin=&#8220;default&#8220; column_direction=&#8220;default&#8220; column_direction_tablet=&#8220;default&#8220; column_direction_phone=&#8220;default&#8220; scene_position=&#8220;center&#8220; text_color=&#8220;dark&#8220; text_align=&#8220;left&#8220; row_border_radius=&#8220;none&#8220; row_border_radius_applies=&#8220;bg&#8220; overflow=&#8220;visible&#8220; overlay_strength=&#8220;0.3&#8243; gradient_direction=&#8220;left_to_right&#8220; shape_divider_position=&#8220;bottom&#8220; bg_image_animation=&#8220;none&#8220;][vc_column column_padding=&#8220;no-extra-padding&#8220; column_padding_tablet=&#8220;inherit&#8220; column_padding_phone=&#8220;inherit&#8220; column_padding_position=&#8220;all&#8220; column_element_direction_desktop=&#8220;default&#8220; column_element_spacing=&#8220;default&#8220; desktop_text_alignment=&#8220;default&#8220; tablet_text_alignment=&#8220;default&#8220; phone_text_alignment=&#8220;default&#8220; background_color_opacity=&#8220;1&#8243; background_hover_color_opacity=&#8220;1&#8243; column_backdrop_filter=&#8220;none&#8220; column_shadow=&#8220;none&#8220; column_border_radius=&#8220;none&#8220; column_link_target=&#8220;_self&#8220; column_position=&#8220;default&#8220; gradient_direction=&#8220;left_to_right&#8220; overlay_strength=&#8220;0.3&#8243; width=&#8220;1\/1&#8243; tablet_width_inherit=&#8220;default&#8220; animation_type=&#8220;default&#8220; bg_image_animation=&#8220;none&#8220; border_type=&#8220;simple&#8220; column_border_width=&#8220;none&#8220; column_border_style=&#8220;solid&#8220;][nectar_global_section id=&#8220;7869&#8243;][\/vc_column][\/vc_row][vc_row type=&#8220;in_container&#8220; full_screen_row_position=&#8220;middle&#8220; column_margin=&#8220;default&#8220; column_direction=&#8220;default&#8220; column_direction_tablet=&#8220;default&#8220; column_direction_phone=&#8220;default&#8220; scene_position=&#8220;center&#8220; top_padding=&#8220;35&#8243; text_color=&#8220;dark&#8220; text_align=&#8220;center&#8220; row_border_radius=&#8220;none&#8220; row_border_radius_applies=&#8220;bg&#8220; overflow=&#8220;visible&#8220; id=&#8220;scrolltocontent&#8220; advanced_gradient_angle=&#8220;0&#8243; overlay_strength=&#8220;0.3&#8243; gradient_direction=&#8220;left_to_right&#8220; shape_divider_position=&#8220;bottom&#8220; bg_image_animation=&#8220;none&#8220; gradient_type=&#8220;default&#8220; shape_type=&#8220;&#8220;][vc_column column_padding=&#8220;no-extra-padding&#8220; column_padding_tablet=&#8220;inherit&#8220; column_padding_phone=&#8220;inherit&#8220; column_padding_position=&#8220;all&#8220; column_element_direction_desktop=&#8220;default&#8220; column_element_spacing=&#8220;default&#8220; desktop_text_alignment=&#8220;default&#8220; tablet_text_alignment=&#8220;default&#8220; phone_text_alignment=&#8220;default&#8220; background_color_opacity=&#8220;1&#8243; background_hover_color_opacity=&#8220;1&#8243; column_backdrop_filter=&#8220;none&#8220; column_shadow=&#8220;none&#8220; column_border_radius=&#8220;none&#8220; column_link_target=&#8220;_self&#8220; column_position=&#8220;default&#8220; gradient_direction=&#8220;left_to_right&#8220; overlay_strength=&#8220;0.3&#8243; width=&#8220;1\/1&#8243; tablet_width_inherit=&#8220;default&#8220; animation_type=&#8220;default&#8220; bg_image_animation=&#8220;none&#8220; border_type=&#8220;simple&#8220; column_border_width=&#8220;none&#8220; column_border_style=&#8220;solid&#8220;][vc_column_text]\n<h2><span style=\"color: #55ac42;\">Allgemeine Fragen<br \/>\n<\/span><\/h2>\n[\/vc_column_text][vc_column_text]\n<h3><span style=\"color: #55ac42;\">Zu den wichtigsten Begriffen aus dem V-LINE-Service<br \/>\nfinden Sie hier kurze Erl\u00e4uterungen.<\/span><\/h3>\n[\/vc_column_text][\/vc_column][\/vc_row][vc_row type=&#8220;in_container&#8220; full_screen_row_position=&#8220;middle&#8220; column_margin=&#8220;default&#8220; column_direction=&#8220;default&#8220; column_direction_tablet=&#8220;default&#8220; column_direction_phone=&#8220;default&#8220; scene_position=&#8220;center&#8220; top_padding=&#8220;75&#8243; text_color=&#8220;dark&#8220; text_align=&#8220;left&#8220; row_border_radius=&#8220;none&#8220; row_border_radius_applies=&#8220;bg&#8220; overflow=&#8220;visible&#8220; advanced_gradient_angle=&#8220;0&#8243; overlay_strength=&#8220;0.3&#8243; gradient_direction=&#8220;left_to_right&#8220; shape_divider_position=&#8220;bottom&#8220; bg_image_animation=&#8220;none&#8220; gradient_type=&#8220;default&#8220; shape_type=&#8220;&#8220;][vc_column column_padding=&#8220;no-extra-padding&#8220; column_padding_tablet=&#8220;inherit&#8220; column_padding_phone=&#8220;inherit&#8220; column_padding_position=&#8220;all&#8220; column_element_direction_desktop=&#8220;default&#8220; column_element_spacing=&#8220;default&#8220; desktop_text_alignment=&#8220;default&#8220; tablet_text_alignment=&#8220;default&#8220; phone_text_alignment=&#8220;default&#8220; background_color_opacity=&#8220;1&#8243; background_hover_color_opacity=&#8220;1&#8243; column_backdrop_filter=&#8220;none&#8220; column_shadow=&#8220;none&#8220; column_border_radius=&#8220;none&#8220; column_link_target=&#8220;_self&#8220; column_position=&#8220;default&#8220; gradient_direction=&#8220;left_to_right&#8220; overlay_strength=&#8220;0.3&#8243; width=&#8220;1\/1&#8243; tablet_width_inherit=&#8220;default&#8220; animation_type=&#8220;default&#8220; bg_image_animation=&#8220;none&#8220; border_type=&#8220;simple&#8220; column_border_width=&#8220;none&#8220; column_border_style=&#8220;solid&#8220;][toggles style=&#8220;minimal&#8220;][toggle color=&#8220;Accent-Color&#8220; heading_tag=&#8220;default&#8220; heading_tag_functionality=&#8220;default&#8220; title=&#8220;Was ist Cross Border Supply &#8211; Grenz\u00fcberschreitende Lieferung?&#8220;][vc_column_text]Von Cross Border Supply spricht man, wenn sich die L\u00e4nder des K\u00e4ufers und das Herkunftsland des Teileverk\u00e4ufers in unterschiedlichen Handelszonen und\/oder unterschiedlichen Gesch\u00e4ftskulturen befinden. V-LINE k\u00fcmmert sich um den Bedarf von Unternehmen auf vier Kontinenten.[\/vc_column_text][\/toggle][toggle color=&#8220;Accent-Color&#8220; heading_tag=&#8220;default&#8220; heading_tag_functionality=&#8220;default&#8220; title=&#8220;Was sind Genuine Parts \u2013 Originalteile?&#8220;][vc_column_text]Von Originalteilen spricht man bei Teilen, die bereits in der Originalanlage-\/fertigungsanlage und in der Originalausstattung verwendet wurden (oder bei Nachfolgeteilen derselben Marke). Diese werden von OEMs und OPMs hergestellt.[\/vc_column_text][\/toggle][toggle color=&#8220;Accent-Color&#8220; heading_tag=&#8220;default&#8220; heading_tag_functionality=&#8220;default&#8220; title=&#8220;Was sind Gesamtkosten der Beschaffung?&#8220;][vc_column_text]Gesamtkosten der Beschaffung (TCP) ist ein Kostenkonzept, dass alle Kosten im Zusammenhang mit dem Einkauf von Waren oder Leistungen beinhaltet. Material und Transaktionskosten der gesamtem Lieferkette inklusive Lagerhaltungskosten sowie Personal und Finanzierung.[\/vc_column_text][\/toggle][toggle color=&#8220;Accent-Color&#8220; heading_tag=&#8220;default&#8220; heading_tag_functionality=&#8220;default&#8220; title=&#8220;Was ist Inventory Optimization &#8211; Bestandsoptimierung?&#8220;][vc_column_text]\n<div class=\"description\">\n<div class=\"text\">Bestandsoptimierung bezieht sich auf den Entscheidungsprozess der Bevorratung mittels vieler konkreter Daten. Die daraus resultierenden Entscheidungen f\u00fchren zu einer Verringerung des Bestandsvolumens bei m\u00f6glicher Verbesserung des Lieferprozesses f\u00fcr die Wartungsmannschaften.<\/div>\n<\/div>\n[\/vc_column_text][\/toggle][toggle color=&#8220;Accent-Color&#8220; heading_tag=&#8220;default&#8220; heading_tag_functionality=&#8220;default&#8220; title=&#8220;Wof\u00fcr steht MRO?&#8220;][vc_column_text]MRO steht f\u00fcr Maintenance, Repair and Operations (Wartungs-, Reparatur- und Betriebsmaterialien) \u2013 diese Definition fasst grundlegende Waren wie Materialien f\u00fcr die Anlagenwartung, Ersatzteile, Verbrauchsg\u00fcter und andere Mittel, z. B. schnell verschlei\u00dfende Werkzeuge, zusammen.[\/vc_column_text][\/toggle][toggle color=&#8220;Accent-Color&#8220; heading_tag=&#8220;default&#8220; heading_tag_functionality=&#8220;default&#8220; title=&#8220;Was ist ein Original Equipment Manufacturer (OEM) &#8211; Originalausr\u00fcstungshersteller?&#8220;][vc_column_text]Ein OEM ist der Hersteller eines Produkts, einer Maschine oder Ausr\u00fcstung.[\/vc_column_text][\/toggle][toggle color=&#8220;Accent-Color&#8220; heading_tag=&#8220;default&#8220; heading_tag_functionality=&#8220;default&#8220; title=&#8220;Was ist ein Original Part Manufacturer (OPM) &#8211; Originalteilehersteller?&#8220;][vc_column_text]Ein OPM ist der Hersteller eines Teils, das als Originalteil vom Maschinenhersteller f\u00fcr die Maschine ausgew\u00e4hlt wurde.[\/vc_column_text][\/toggle][toggle color=&#8220;Accent-Color&#8220; heading_tag=&#8220;default&#8220; heading_tag_functionality=&#8220;default&#8220; title=&#8220;Was ist Plant MRO \u2013 Wartungs- Reparatur und Betriebsmaterialien f\u00fcr eine Industrieanlage?&#8220;][vc_column_text]\n<div class=\"description\">\n<div class=\"text\">\n<p>Die Wartungsausstattung sind dabei Werkzeuge, Verbrauchsg\u00fcter und Teile f\u00fcr den Erhalt von Effizienz und Lebensdauer von Industrie- und Fertigungsanlagen. Die Reparaturausstattung umfasst Materialien und Austauschteile f\u00fcr die Behebung von St\u00f6rungen oder die Wiederherstellung nicht betriebsbereiter Ausr\u00fcstung. Die Betriebsausstattung sind Verbrauchsg\u00fcter, Teile und Fertigungsmittel, die beim Betrieb von Industrie- oder Fertigungsanlage verbraucht werden.<\/p>\n<\/div>\n<\/div>\n[\/vc_column_text][\/toggle][toggle color=&#8220;Accent-Color&#8220; heading_tag=&#8220;default&#8220; heading_tag_functionality=&#8220;default&#8220; title=&#8220;Was ist Procurement &#8211; Beschaffung?&#8220;][vc_column_text]\n<div class=\"description\">\n<div class=\"text\">\n<p>Beschaffung (Einkauf) ist der Fachbegriff f\u00fcr eine betriebliche Funktion und umfasst Beschaffung und Logistik im Rahmen des Materialerwerbs.<\/p>\n<\/div>\n<\/div>\n[\/vc_column_text][\/toggle][toggle color=&#8220;Accent-Color&#8220; heading_tag=&#8220;default&#8220; heading_tag_functionality=&#8220;default&#8220; title=&#8220;Was sind Spare Parts and Interchangeability Record (SPIR)?&#8220;][vc_column_text]\n<div class=\"description\">\n<div class=\"text\">\n<p>Bei einer E-SPIR handelt es sich um eine Software (erh\u00e4ltlich von Shell Global Solutions), die Explosionszeichnungen digitalisiert und die Zuordnung aller Ersatzteile mit den Beschaffungsdaten zu der Maschine digital erm\u00f6glicht. Je nach Wunsch des Anlagenbetreibers k\u00f6nnen alle Informationen der Maschinenhersteller bis hin zu den Mindestlagerbest\u00e4nden einflie\u00dfen.<\/p>\n<\/div>\n<\/div>\n[\/vc_column_text][\/toggle][toggle color=&#8220;Accent-Color&#8220; heading_tag=&#8220;default&#8220; heading_tag_functionality=&#8220;default&#8220; title=&#8220;Was versteht man unter Supply-Chain-Management (SCM)?&#8220;][vc_column_text]\n<div class=\"description\">\n<div class=\"text\">\n<p>SCM (Lieferkettenmanagement) bezieht sich auf die Optimierung des Warenflusses eines Unternehmens hinsichtlich Materialien, Informationen und Finanzmittel. Die Lieferkette von Materiallieferanten \u00fcber Hersteller bis zum Gro\u00df- und Einzelhandel und zum Endverbraucher.<\/p>\n<\/div>\n<\/div>\n[\/vc_column_text][\/toggle][toggle color=&#8220;Accent-Color&#8220; heading_tag=&#8220;default&#8220; heading_tag_functionality=&#8220;default&#8220; title=&#8220;Was sind Wartungs- und Instandhaltungsausgaben (MRO Spend)?&#8220;][vc_column_text]\n<div class=\"description\">\n<div class=\"text\">\n<div class=\"description\">\n<div class=\"text\">\n<p>In den Analysen der Aktivit\u00e4ten von Organisationen werden die Gesamtausgaben in der Hersteller- oder Prozessindustrie oft in zwei Hauptkategorien klassifiziert: Indirekte und Direkte Ausgaben. Einige weitere Analysen gliedern die Kapitalausgaben als 3. Kategorie auf. Die Wartungs- und Instandhaltungsausgaben sind eine Unterkategorie der Indirekten Ausgaben und beziehen sich auf den Einkauf von Produkten, Leistungen und Lieferungen f\u00fcr Anlagen, Einrichtungen und Produktionsanlagen sowie deren Wartung, Reparatur und Instandhaltung.<\/p>\n<p>Direkte Ausgaben beziehen sich auf den Einkauf von Materialien und Leistungen, die direkt zur Herstellung eines Produktes zum Zweck des Verkaufs verwendet werden. Beispiele beinhalten Rohmaterialien, fremdvergebene Herstellungsleistungen, Komponenten, Hardware etc.<\/p>\n<p>Indirekte Ausgaben beziehen sich auf Produkte und Leistungen, die nicht direkt f\u00fcr die Herstellung eines Produktes zum Zweck des Verkaufs verwendet werden.<br \/>\nDies sind all die Produkte und Leistungen, die von einer Organisation ben\u00f6tigt werden, um ihr Gesch\u00e4ft auszuf\u00fchren, wie z. B. Computer, Sicherheitsbrillen, Formulare, B\u00fcromaterial, Einrichtungsgegenst\u00e4nde, Maschinen und Anlagen, Gas, Wasser, Elektrizit\u00e4t, Hausmeisterleistungen, Kommunikationsdienste, Marketing, Reise- und andere administrative Leistungen, technische und fachbezogene Leistungen sowie die zuvor erw\u00e4hnten Wartungs-und Instandhaltungsprodukte, Leistungen und Lieferungen.<\/p>\n<\/div>\n<\/div>\n<\/div>\n<\/div>\n[\/vc_column_text][\/toggle][\/toggles][\/vc_column][\/vc_row]\n","protected":false},"excerpt":{"rendered":"<p>[vc_row type=&#8220;full_width_background&#8220; full_screen_row_position=&#8220;middle&#8220; column_margin=&#8220;default&#8220; column_direction=&#8220;default&#8220; column_direction_tablet=&#8220;default&#8220; column_direction_phone=&#8220;default&#8220; bg_image=&#8220;3129&#8243; bg_position=&#8220;center center&#8220; background_image_loading=&#8220;default&#8220; bg_repeat=&#8220;no-repeat&#8220; scene_position=&#8220;center&#8220; top_padding=&#8220;150&#8243; constrain_group_1=&#8220;yes&#8220;&#8230;<\/p>\n","protected":false},"author":3,"featured_media":0,"parent":0,"menu_order":0,"comment_status":"closed","ping_status":"closed","template":"","meta":{"footnotes":""},"class_list":["post-5743","page","type-page","status-publish"],"_links":{"self":[{"href":"https:\/\/www.v-line.com\/de\/wp-json\/wp\/v2\/pages\/5743","targetHints":{"allow":["GET"]}}],"collection":[{"href":"https:\/\/www.v-line.com\/de\/wp-json\/wp\/v2\/pages"}],"about":[{"href":"https:\/\/www.v-line.com\/de\/wp-json\/wp\/v2\/types\/page"}],"author":[{"embeddable":true,"href":"https:\/\/www.v-line.com\/de\/wp-json\/wp\/v2\/users\/3"}],"replies":[{"embeddable":true,"href":"https:\/\/www.v-line.com\/de\/wp-json\/wp\/v2\/comments?post=5743"}],"version-history":[{"count":0,"href":"https:\/\/www.v-line.com\/de\/wp-json\/wp\/v2\/pages\/5743\/revisions"}],"wp:attachment":[{"href":"https:\/\/www.v-line.com\/de\/wp-json\/wp\/v2\/media?parent=5743"}],"curies":[{"name":"wp","href":"https:\/\/api.w.org\/{rel}","templated":true}]}}