{"id":7439,"date":"2022-09-01T09:52:24","date_gmt":"2022-09-01T07:52:24","guid":{"rendered":"https:\/\/umzug.v-line.com\/services\/brand-management\/autocrib\/"},"modified":"2024-08-01T12:45:25","modified_gmt":"2024-08-01T10:45:25","slug":"autocrib","status":"publish","type":"page","link":"https:\/\/www.v-line.com\/de\/services\/brand-management\/autocrib\/","title":{"rendered":"Autocrib"},"content":{"rendered":"[vc_row type=&#8220;full_width_background&#8220; full_screen_row_position=&#8220;middle&#8220; column_margin=&#8220;default&#8220; column_direction=&#8220;default&#8220; column_direction_tablet=&#8220;default&#8220; column_direction_phone=&#8220;default&#8220; bg_image=&#8220;5305&#8243; bg_position=&#8220;center center&#8220; background_image_loading=&#8220;default&#8220; bg_repeat=&#8220;no-repeat&#8220; scene_position=&#8220;center&#8220; top_padding=&#8220;150&#8243; constrain_group_1=&#8220;yes&#8220; bottom_padding=&#8220;150&#8243; text_color=&#8220;light&#8220; text_align=&#8220;center&#8220; row_border_radius=&#8220;none&#8220; row_border_radius_applies=&#8220;bg&#8220; overflow=&#8220;visible&#8220; color_overlay=&#8220;#000000&#8243; overlay_strength=&#8220;0.5&#8243; gradient_direction=&#8220;left_to_right&#8220; shape_divider_position=&#8220;bottom&#8220; bg_image_animation=&#8220;none&#8220; gradient_type=&#8220;default&#8220; shape_type=&#8220;&#8220;][vc_column column_padding=&#8220;no-extra-padding&#8220; column_padding_tablet=&#8220;inherit&#8220; column_padding_phone=&#8220;inherit&#8220; column_padding_position=&#8220;all&#8220; column_element_direction_desktop=&#8220;default&#8220; column_element_spacing=&#8220;default&#8220; desktop_text_alignment=&#8220;default&#8220; tablet_text_alignment=&#8220;default&#8220; phone_text_alignment=&#8220;default&#8220; background_color_opacity=&#8220;1&#8243; background_hover_color_opacity=&#8220;1&#8243; column_backdrop_filter=&#8220;none&#8220; column_shadow=&#8220;none&#8220; column_border_radius=&#8220;none&#8220; column_link_target=&#8220;_self&#8220; column_position=&#8220;default&#8220; gradient_direction=&#8220;left_to_right&#8220; overlay_strength=&#8220;0.3&#8243; width=&#8220;1\/1&#8243; tablet_width_inherit=&#8220;default&#8220; animation_type=&#8220;default&#8220; bg_image_animation=&#8220;none&#8220; border_type=&#8220;simple&#8220; column_border_width=&#8220;none&#8220; column_border_style=&#8220;solid&#8220;][vc_column_text]\n<h1>AUTOCRIB<\/h1>\n[\/vc_column_text][\/vc_column][\/vc_row][vc_row type=&#8220;in_container&#8220; full_screen_row_position=&#8220;middle&#8220; column_margin=&#8220;default&#8220; column_direction=&#8220;default&#8220; column_direction_tablet=&#8220;default&#8220; column_direction_phone=&#8220;default&#8220; scene_position=&#8220;center&#8220; text_color=&#8220;dark&#8220; text_align=&#8220;left&#8220; row_border_radius=&#8220;none&#8220; row_border_radius_applies=&#8220;bg&#8220; overflow=&#8220;visible&#8220; overlay_strength=&#8220;0.3&#8243; gradient_direction=&#8220;left_to_right&#8220; shape_divider_position=&#8220;bottom&#8220; bg_image_animation=&#8220;none&#8220;][vc_column column_padding=&#8220;no-extra-padding&#8220; column_padding_tablet=&#8220;inherit&#8220; column_padding_phone=&#8220;inherit&#8220; column_padding_position=&#8220;all&#8220; column_element_direction_desktop=&#8220;default&#8220; column_element_spacing=&#8220;default&#8220; desktop_text_alignment=&#8220;default&#8220; tablet_text_alignment=&#8220;default&#8220; phone_text_alignment=&#8220;default&#8220; background_color_opacity=&#8220;1&#8243; background_hover_color_opacity=&#8220;1&#8243; column_backdrop_filter=&#8220;none&#8220; column_shadow=&#8220;none&#8220; column_border_radius=&#8220;none&#8220; column_link_target=&#8220;_self&#8220; column_position=&#8220;default&#8220; gradient_direction=&#8220;left_to_right&#8220; overlay_strength=&#8220;0.3&#8243; width=&#8220;1\/1&#8243; tablet_width_inherit=&#8220;default&#8220; animation_type=&#8220;default&#8220; bg_image_animation=&#8220;none&#8220; border_type=&#8220;simple&#8220; column_border_width=&#8220;none&#8220; column_border_style=&#8220;solid&#8220;][nectar_global_section id=&#8220;7869&#8243;][\/vc_column][\/vc_row][vc_row type=&#8220;in_container&#8220; full_screen_row_position=&#8220;middle&#8220; column_margin=&#8220;default&#8220; column_direction=&#8220;default&#8220; column_direction_tablet=&#8220;default&#8220; column_direction_phone=&#8220;default&#8220; scene_position=&#8220;center&#8220; bottom_padding=&#8220;75&#8243; text_color=&#8220;dark&#8220; text_align=&#8220;left&#8220; row_border_radius=&#8220;none&#8220; row_border_radius_applies=&#8220;bg&#8220; overflow=&#8220;visible&#8220; overlay_strength=&#8220;0.3&#8243; gradient_direction=&#8220;left_to_right&#8220; shape_divider_position=&#8220;bottom&#8220; bg_image_animation=&#8220;none&#8220; gradient_type=&#8220;default&#8220; shape_type=&#8220;&#8220;][vc_column column_padding=&#8220;no-extra-padding&#8220; column_padding_tablet=&#8220;inherit&#8220; column_padding_phone=&#8220;inherit&#8220; column_padding_position=&#8220;all&#8220; column_element_direction_desktop=&#8220;default&#8220; column_element_spacing=&#8220;default&#8220; desktop_text_alignment=&#8220;default&#8220; tablet_text_alignment=&#8220;default&#8220; phone_text_alignment=&#8220;default&#8220; background_color_opacity=&#8220;1&#8243; background_hover_color_opacity=&#8220;1&#8243; column_backdrop_filter=&#8220;none&#8220; column_shadow=&#8220;none&#8220; column_border_radius=&#8220;none&#8220; column_link_target=&#8220;_self&#8220; column_position=&#8220;default&#8220; gradient_direction=&#8220;left_to_right&#8220; overlay_strength=&#8220;0.3&#8243; width=&#8220;5\/6&#8243; tablet_width_inherit=&#8220;default&#8220; animation_type=&#8220;default&#8220; bg_image_animation=&#8220;none&#8220; border_type=&#8220;simple&#8220; column_border_width=&#8220;none&#8220; column_border_style=&#8220;solid&#8220;][image_with_animation image_url=&#8220;5487&#8243; image_size=&#8220;full&#8220; animation_type=&#8220;entrance&#8220; animation=&#8220;None&#8220; animation_movement_type=&#8220;transform_y&#8220; hover_animation=&#8220;none&#8220; alignment=&#8220;&#8220; border_radius=&#8220;none&#8220; box_shadow=&#8220;none&#8220; image_loading=&#8220;default&#8220; max_width=&#8220;50%&#8220; max_width_mobile=&#8220;default&#8220;][vc_column_text]AutoCrib EMEA wurde 2015 als Tochtergesellschaft von AutoCrib Inc. in Kalifornien gegr\u00fcndet und ist jetzt der europ\u00e4ische Hauptsitz von AutoCrib Inc. in den USA. Sie wird den Vertrieb von hochwertigen industriellen AutoCrib-Lagerverwaltungssystemen fortsetzen. Das Fachwissen, das die Mitarbeiter von AutoCrib EMEA in ihrer fr\u00fcheren Position in diesem Markt in den letzten 25 Jahren erworben haben, stellt unsere Hauptkompetenz dar, um unsere Kunden in Europa, dem Nahen Osten und Afrika zu bedienen. Als zertifizierter AutoCrib-Partner f\u00fcr Europa, den Nahen Osten und Afrika werden sie f\u00fcr die Lieferung des innovativsten Vending-Systems auf dem Markt f\u00fcr die Region verantwortlich sein. <a href=\"https:\/\/www.autocrib.com\/\" target=\"_blank\" rel=\"noopener\">AutoCrib Website <\/a>[\/vc_column_text][vc_column_text]<strong>V-LINE repr\u00e4sentiert und unterst\u00fctzt die\u00a0Firma AutoCrib in der GCC Region.<\/strong><\/p>\n<p><strong>F\u00fcr Servicebedarfe kontaktieren Sie bitte unseren Kontakt der Niederlassung Middle East direkt:<\/strong><\/p>\n<p>V-LINE MIDDLE EAST Company LTD.<br \/>\nOFFICE NO: 401, 4TH FLOOR<br \/>\nCHAMBER OF COMMERCE BUILDING<br \/>\nP.O. BOX 11052<br \/>\nJUBAIL 31961<br \/>\nKINGDOM OF SAUDI ARABIA<\/p>\n<div>\n<p>Contact:<br \/>\nMousa Al-Hourani, Product Manager<br \/>\nTel:\u00a0 \u00a0+966 53 949 5540<br \/>\nE-mail: \u00a0<a title=\"mhourani@v-line.com\" href=\"mailto:mhourani@v-line.com\">mhourani@v-line.com<\/a><\/p>\n<\/div>\n[\/vc_column_text][\/vc_column][vc_column column_padding=&#8220;no-extra-padding&#8220; column_padding_tablet=&#8220;inherit&#8220; column_padding_phone=&#8220;inherit&#8220; column_padding_position=&#8220;all&#8220; column_element_direction_desktop=&#8220;default&#8220; column_element_spacing=&#8220;default&#8220; desktop_text_alignment=&#8220;default&#8220; tablet_text_alignment=&#8220;default&#8220; phone_text_alignment=&#8220;default&#8220; background_color_opacity=&#8220;1&#8243; background_hover_color_opacity=&#8220;1&#8243; column_backdrop_filter=&#8220;none&#8220; column_shadow=&#8220;none&#8220; column_border_radius=&#8220;none&#8220; column_link_target=&#8220;_self&#8220; column_position=&#8220;default&#8220; gradient_direction=&#8220;left_to_right&#8220; overlay_strength=&#8220;0.3&#8243; width=&#8220;1\/6&#8243; tablet_width_inherit=&#8220;default&#8220; animation_type=&#8220;default&#8220; bg_image_animation=&#8220;none&#8220; border_type=&#8220;simple&#8220; column_border_width=&#8220;none&#8220; column_border_style=&#8220;solid&#8220;][\/vc_column][\/vc_row]\n","protected":false},"excerpt":{"rendered":"<p>[vc_row type=&#8220;full_width_background&#8220; full_screen_row_position=&#8220;middle&#8220; column_margin=&#8220;default&#8220; column_direction=&#8220;default&#8220; column_direction_tablet=&#8220;default&#8220; column_direction_phone=&#8220;default&#8220; bg_image=&#8220;5305&#8243; bg_position=&#8220;center center&#8220; background_image_loading=&#8220;default&#8220; bg_repeat=&#8220;no-repeat&#8220; scene_position=&#8220;center&#8220; top_padding=&#8220;150&#8243; constrain_group_1=&#8220;yes&#8220;&#8230;<\/p>\n","protected":false},"author":3,"featured_media":0,"parent":5583,"menu_order":0,"comment_status":"closed","ping_status":"closed","template":"","meta":{"footnotes":""},"class_list":["post-7439","page","type-page","status-publish"],"_links":{"self":[{"href":"https:\/\/www.v-line.com\/de\/wp-json\/wp\/v2\/pages\/7439","targetHints":{"allow":["GET"]}}],"collection":[{"href":"https:\/\/www.v-line.com\/de\/wp-json\/wp\/v2\/pages"}],"about":[{"href":"https:\/\/www.v-line.com\/de\/wp-json\/wp\/v2\/types\/page"}],"author":[{"embeddable":true,"href":"https:\/\/www.v-line.com\/de\/wp-json\/wp\/v2\/users\/3"}],"replies":[{"embeddable":true,"href":"https:\/\/www.v-line.com\/de\/wp-json\/wp\/v2\/comments?post=7439"}],"version-history":[{"count":1,"href":"https:\/\/www.v-line.com\/de\/wp-json\/wp\/v2\/pages\/7439\/revisions"}],"predecessor-version":[{"id":10429,"href":"https:\/\/www.v-line.com\/de\/wp-json\/wp\/v2\/pages\/7439\/revisions\/10429"}],"up":[{"embeddable":true,"href":"https:\/\/www.v-line.com\/de\/wp-json\/wp\/v2\/pages\/5583"}],"wp:attachment":[{"href":"https:\/\/www.v-line.com\/de\/wp-json\/wp\/v2\/media?parent=7439"}],"curies":[{"name":"wp","href":"https:\/\/api.w.org\/{rel}","templated":true}]}}