{"id":7453,"date":"2022-09-01T10:35:12","date_gmt":"2022-09-01T08:35:12","guid":{"rendered":"https:\/\/umzug.v-line.com\/services\/brand-management\/herkules\/"},"modified":"2025-09-01T16:20:18","modified_gmt":"2025-09-01T14:20:18","slug":"herkules","status":"publish","type":"page","link":"https:\/\/www.v-line.com\/de\/services\/brand-management\/herkules\/","title":{"rendered":"HERKULES"},"content":{"rendered":"[vc_row type=&#8220;full_width_background&#8220; full_screen_row_position=&#8220;middle&#8220; column_margin=&#8220;default&#8220; column_direction=&#8220;default&#8220; column_direction_tablet=&#8220;default&#8220; column_direction_phone=&#8220;default&#8220; bg_image=&#8220;5305&#8243; bg_position=&#8220;center center&#8220; background_image_loading=&#8220;default&#8220; bg_repeat=&#8220;no-repeat&#8220; scene_position=&#8220;center&#8220; top_padding=&#8220;150&#8243; constrain_group_1=&#8220;yes&#8220; bottom_padding=&#8220;150&#8243; text_color=&#8220;light&#8220; text_align=&#8220;center&#8220; row_border_radius=&#8220;none&#8220; row_border_radius_applies=&#8220;bg&#8220; overflow=&#8220;visible&#8220; color_overlay=&#8220;#000000&#8243; overlay_strength=&#8220;0.5&#8243; gradient_direction=&#8220;left_to_right&#8220; shape_divider_position=&#8220;bottom&#8220; bg_image_animation=&#8220;none&#8220; gradient_type=&#8220;default&#8220; shape_type=&#8220;&#8220;][vc_column column_padding=&#8220;no-extra-padding&#8220; column_padding_tablet=&#8220;inherit&#8220; column_padding_phone=&#8220;inherit&#8220; column_padding_position=&#8220;all&#8220; column_element_direction_desktop=&#8220;default&#8220; column_element_spacing=&#8220;default&#8220; desktop_text_alignment=&#8220;default&#8220; tablet_text_alignment=&#8220;default&#8220; phone_text_alignment=&#8220;default&#8220; background_color_opacity=&#8220;1&#8243; background_hover_color_opacity=&#8220;1&#8243; column_backdrop_filter=&#8220;none&#8220; column_shadow=&#8220;none&#8220; column_border_radius=&#8220;none&#8220; column_link_target=&#8220;_self&#8220; column_position=&#8220;default&#8220; gradient_direction=&#8220;left_to_right&#8220; overlay_strength=&#8220;0.3&#8243; width=&#8220;1\/1&#8243; tablet_width_inherit=&#8220;default&#8220; animation_type=&#8220;default&#8220; bg_image_animation=&#8220;none&#8220; border_type=&#8220;simple&#8220; column_border_width=&#8220;none&#8220; column_border_style=&#8220;solid&#8220;][vc_column_text]\n<h1>HERKULES<\/h1>\n[\/vc_column_text][\/vc_column][\/vc_row][vc_row type=&#8220;in_container&#8220; full_screen_row_position=&#8220;middle&#8220; column_margin=&#8220;default&#8220; column_direction=&#8220;default&#8220; column_direction_tablet=&#8220;default&#8220; column_direction_phone=&#8220;default&#8220; scene_position=&#8220;center&#8220; text_color=&#8220;dark&#8220; text_align=&#8220;left&#8220; row_border_radius=&#8220;none&#8220; row_border_radius_applies=&#8220;bg&#8220; overflow=&#8220;visible&#8220; overlay_strength=&#8220;0.3&#8243; gradient_direction=&#8220;left_to_right&#8220; shape_divider_position=&#8220;bottom&#8220; bg_image_animation=&#8220;none&#8220;][vc_column column_padding=&#8220;no-extra-padding&#8220; column_padding_tablet=&#8220;inherit&#8220; column_padding_phone=&#8220;inherit&#8220; column_padding_position=&#8220;all&#8220; column_element_direction_desktop=&#8220;default&#8220; column_element_spacing=&#8220;default&#8220; desktop_text_alignment=&#8220;default&#8220; tablet_text_alignment=&#8220;default&#8220; phone_text_alignment=&#8220;default&#8220; background_color_opacity=&#8220;1&#8243; background_hover_color_opacity=&#8220;1&#8243; column_backdrop_filter=&#8220;none&#8220; column_shadow=&#8220;none&#8220; column_border_radius=&#8220;none&#8220; column_link_target=&#8220;_self&#8220; column_position=&#8220;default&#8220; gradient_direction=&#8220;left_to_right&#8220; overlay_strength=&#8220;0.3&#8243; width=&#8220;1\/1&#8243; tablet_width_inherit=&#8220;default&#8220; animation_type=&#8220;default&#8220; bg_image_animation=&#8220;none&#8220; border_type=&#8220;simple&#8220; column_border_width=&#8220;none&#8220; column_border_style=&#8220;solid&#8220;][nectar_global_section id=&#8220;7869&#8243;][\/vc_column][\/vc_row][vc_row type=&#8220;in_container&#8220; full_screen_row_position=&#8220;middle&#8220; column_margin=&#8220;default&#8220; column_direction=&#8220;default&#8220; column_direction_tablet=&#8220;default&#8220; column_direction_phone=&#8220;default&#8220; scene_position=&#8220;center&#8220; bottom_padding=&#8220;75&#8243; text_color=&#8220;dark&#8220; text_align=&#8220;left&#8220; row_border_radius=&#8220;none&#8220; row_border_radius_applies=&#8220;bg&#8220; overflow=&#8220;visible&#8220; overlay_strength=&#8220;0.3&#8243; gradient_direction=&#8220;left_to_right&#8220; shape_divider_position=&#8220;bottom&#8220; bg_image_animation=&#8220;none&#8220; gradient_type=&#8220;default&#8220; shape_type=&#8220;&#8220;][vc_column column_padding=&#8220;no-extra-padding&#8220; column_padding_tablet=&#8220;inherit&#8220; column_padding_phone=&#8220;inherit&#8220; column_padding_position=&#8220;all&#8220; column_element_direction_desktop=&#8220;default&#8220; column_element_spacing=&#8220;default&#8220; desktop_text_alignment=&#8220;default&#8220; tablet_text_alignment=&#8220;default&#8220; phone_text_alignment=&#8220;default&#8220; background_color_opacity=&#8220;1&#8243; background_hover_color_opacity=&#8220;1&#8243; column_backdrop_filter=&#8220;none&#8220; column_shadow=&#8220;none&#8220; column_border_radius=&#8220;none&#8220; column_link_target=&#8220;_self&#8220; column_position=&#8220;default&#8220; gradient_direction=&#8220;left_to_right&#8220; overlay_strength=&#8220;0.3&#8243; width=&#8220;5\/6&#8243; tablet_width_inherit=&#8220;default&#8220; animation_type=&#8220;default&#8220; bg_image_animation=&#8220;none&#8220; border_type=&#8220;simple&#8220; column_border_width=&#8220;none&#8220; column_border_style=&#8220;solid&#8220;][image_with_animation image_url=&#8220;5504&#8243; image_size=&#8220;full&#8220; animation_type=&#8220;entrance&#8220; animation=&#8220;None&#8220; animation_movement_type=&#8220;transform_y&#8220; hover_animation=&#8220;none&#8220; alignment=&#8220;&#8220; border_radius=&#8220;none&#8220; box_shadow=&#8220;none&#8220; image_loading=&#8220;default&#8220; max_width=&#8220;50%&#8220; max_width_mobile=&#8220;default&#8220;][vc_column_text]Qualit\u00e4t seit 1911 &#8211; Herkules ist der weltweit f\u00fchrende Spezialist f\u00fcr die Walzenbearbeitung. Herkules Walzenschleif- und Drehmaschinen kommen \u00fcberall dort zum Einsatz, wo leistungsstarke Werkzeugmaschinen f\u00fcr eine hocheffiziente Bearbeitung von Werkst\u00fccken ben\u00f6tigt werden. Um seinen Kunden L\u00f6sungen aus einer Hand anbieten zu k\u00f6nnen, konstruiert, baut und liefert Herkules alle f\u00fcr die Walzenbearbeitung notwendigen Anlagen. Dazu geh\u00f6ren Walzwerkst\u00e4tten und umfangreiche Ausr\u00fcstungen sowie Automatisierungen, die weltweit Ma\u00dfst\u00e4be setzen. <a href=\"https:\/\/www.herkules-machinetools.de\/\" target=\"_blank\" rel=\"noopener\">Website Herkules<\/a>[\/vc_column_text][vc_column_text]<strong>V-LINE repr\u00e4sentiert und unterst\u00fctzt die\u00a0Firma\u00a0Herkules\u00a0in folgenden L\u00e4ndern:<\/strong><\/p>\n<p>Saudi-Arabien<\/p>\n<p>Sultanat Oman<\/p>\n<p>Vereinigte Arabische Emirate<\/p>\n<p>Kuwait<\/p>\n<p>Qatar<\/p>\n<p>Bahrain<\/p>\n<p>&nbsp;<\/p>\n<p><strong>F\u00fcr Service- und Ersatzteilbedarfe kontaktieren Sie bitte unsere Niederlassung\u00a0V-LINE MIDDLE EAST oder unsere Hauptniederlassung direkt:<\/strong><\/p>\n<p>V-LINE MIDDLE EAST Company LTD.<br \/>\nChamber of Commerce Building &#8211; 4th Floor<br \/>\nAl Fanateer, Jubail 11431 \u2013 1454<br \/>\nKingdom of Saudi Arabia<br \/>\nE-mail:\u00a0<a href=\"mailto:herkules@v-line.com\">herkules@v-line.com<\/a><br \/>\nPhone: +966 (13) 3479018<br \/>\nFax: +966 (13) 3479014<\/p>\n<p>&nbsp;<\/p>\n<p>V-LINE EUROPE GmbH<br \/>\nBorsigring 11<br \/>\n31319 Sehnde<br \/>\nGermany<br \/>\nE-mail: <a href=\"mailto:herkules@v-line.com\">herkules@v-line.com<\/a><br \/>\nTel: +49 5138 7008 75[\/vc_column_text][\/vc_column][vc_column column_padding=&#8220;no-extra-padding&#8220; column_padding_tablet=&#8220;inherit&#8220; column_padding_phone=&#8220;inherit&#8220; column_padding_position=&#8220;all&#8220; column_element_direction_desktop=&#8220;default&#8220; column_element_spacing=&#8220;default&#8220; desktop_text_alignment=&#8220;default&#8220; tablet_text_alignment=&#8220;default&#8220; phone_text_alignment=&#8220;default&#8220; background_color_opacity=&#8220;1&#8243; background_hover_color_opacity=&#8220;1&#8243; column_backdrop_filter=&#8220;none&#8220; column_shadow=&#8220;none&#8220; column_border_radius=&#8220;none&#8220; column_link_target=&#8220;_self&#8220; column_position=&#8220;default&#8220; gradient_direction=&#8220;left_to_right&#8220; overlay_strength=&#8220;0.3&#8243; width=&#8220;1\/6&#8243; tablet_width_inherit=&#8220;default&#8220; animation_type=&#8220;default&#8220; bg_image_animation=&#8220;none&#8220; border_type=&#8220;simple&#8220; column_border_width=&#8220;none&#8220; column_border_style=&#8220;solid&#8220;][\/vc_column][\/vc_row]\n","protected":false},"excerpt":{"rendered":"<p>[vc_row type=&#8220;full_width_background&#8220; full_screen_row_position=&#8220;middle&#8220; column_margin=&#8220;default&#8220; column_direction=&#8220;default&#8220; column_direction_tablet=&#8220;default&#8220; column_direction_phone=&#8220;default&#8220; bg_image=&#8220;5305&#8243; bg_position=&#8220;center center&#8220; background_image_loading=&#8220;default&#8220; bg_repeat=&#8220;no-repeat&#8220; scene_position=&#8220;center&#8220; top_padding=&#8220;150&#8243; constrain_group_1=&#8220;yes&#8220;&#8230;<\/p>\n","protected":false},"author":3,"featured_media":0,"parent":5583,"menu_order":0,"comment_status":"closed","ping_status":"closed","template":"","meta":{"footnotes":""},"class_list":["post-7453","page","type-page","status-publish"],"_links":{"self":[{"href":"https:\/\/www.v-line.com\/de\/wp-json\/wp\/v2\/pages\/7453","targetHints":{"allow":["GET"]}}],"collection":[{"href":"https:\/\/www.v-line.com\/de\/wp-json\/wp\/v2\/pages"}],"about":[{"href":"https:\/\/www.v-line.com\/de\/wp-json\/wp\/v2\/types\/page"}],"author":[{"embeddable":true,"href":"https:\/\/www.v-line.com\/de\/wp-json\/wp\/v2\/users\/3"}],"replies":[{"embeddable":true,"href":"https:\/\/www.v-line.com\/de\/wp-json\/wp\/v2\/comments?post=7453"}],"version-history":[{"count":3,"href":"https:\/\/www.v-line.com\/de\/wp-json\/wp\/v2\/pages\/7453\/revisions"}],"predecessor-version":[{"id":11290,"href":"https:\/\/www.v-line.com\/de\/wp-json\/wp\/v2\/pages\/7453\/revisions\/11290"}],"up":[{"embeddable":true,"href":"https:\/\/www.v-line.com\/de\/wp-json\/wp\/v2\/pages\/5583"}],"wp:attachment":[{"href":"https:\/\/www.v-line.com\/de\/wp-json\/wp\/v2\/media?parent=7453"}],"curies":[{"name":"wp","href":"https:\/\/api.w.org\/{rel}","templated":true}]}}